{"id":1445,"date":"2023-04-26T21:12:49","date_gmt":"2023-04-26T19:12:49","guid":{"rendered":"https:\/\/abeille34.adrien-bigot.fr\/?page_id=1445"},"modified":"2024-04-10T23:46:34","modified_gmt":"2024-04-10T21:46:34","slug":"organigramme","status":"publish","type":"page","link":"https:\/\/abeille34.org\/index.php\/organigramme\/","title":{"rendered":"Organigramme"},"content":{"rendered":"\n<p><\/p>\n\n\n\n<p><strong>&nbsp;SYNDICAT ABEILLE H\u00c9RAULTAISE&nbsp;&nbsp;&nbsp;&nbsp;&nbsp;&nbsp;&nbsp;&nbsp;&nbsp;&nbsp;&nbsp;<\/strong><\/p>\n\n\n\n<p><strong>Si\u00e8ge social:\u00a0 \u00a0 Lyc\u00e9e Priv\u00e9 Agricole Vall\u00e9e de l&rsquo;H\u00e9rault<br>Chemin de Carabotte 34150 Gignac\u00a0 \u00a0 \u00a0 \u00a0\u00a0\u00a0 \u00a0 \u00a0 \u00a0 \u00a0 \u00a0\u00a0\u00a0\u00a0 \u00a0\u00a0 \u00a0 \u00a0<\/strong><\/p>\n\n\n\n<figure class=\"wp-block-table\"><table><thead><tr><th>Poste<\/th><th>Nom<\/th><th>Adresse<\/th><th>T\u00e9l\u00e9phone<\/th><\/tr><\/thead><tbody><tr><td>&nbsp;Pr\u00e9sident&nbsp;&nbsp;<\/td><td>GALZIN Paul&nbsp;&nbsp;<\/td><td>19 Rue Edouard Branly<br>34500 B\u00e9ziers<\/td><td>06.09.07.84.92<\/td><\/tr><tr><td>Vice-pr\u00e9sident<\/td><td>PONS Christian&nbsp;<\/td><td>Mas de Pagnol<br>34660 Cournonsec&nbsp;<\/td><td>04.67.85.09.42<\/td><\/tr><tr><td>Tr\u00e9sorier&nbsp;&nbsp;<\/td><td>Fourmaux Ren\u00e9&nbsp;&nbsp;<\/td><td>1 Avenue Paul Vidal<br>34410 Sauvian<\/td><td>06.75.01.45.74<\/td><\/tr><tr><td>Secr\u00e9taire<\/td><td>COUTOUZIS Michel<\/td><td>42 rue des anciens combattants <br>34370 Maraussan<\/td><td>06 03 10 88 33<\/td><\/tr><\/tbody><\/table><\/figure>\n","protected":false},"excerpt":{"rendered":"<p>&nbsp;SYNDICAT ABEILLE H\u00c9RAULTAISE&nbsp;&nbsp;&nbsp;&nbsp;&nbsp;&nbsp;&nbsp;&nbsp;&nbsp;&nbsp;&nbsp; Si\u00e8ge social:\u00a0 \u00a0 Lyc\u00e9e Priv\u00e9 Agricole Vall\u00e9e de l&rsquo;H\u00e9raultChemin de Carabotte 34150 Gignac\u00a0 \u00a0 \u00a0 \u00a0\u00a0\u00a0 \u00a0 \u00a0 \u00a0 \u00a0 \u00a0\u00a0\u00a0\u00a0 \u00a0\u00a0 \u00a0 \u00a0 Poste Nom Adresse T\u00e9l\u00e9phone &nbsp;Pr\u00e9sident&nbsp;&nbsp; GALZIN Paul&nbsp;&nbsp; 19 Rue Edouard Branly34500 B\u00e9ziers 06.09.07.84.92 <a class=\"more-link\" href=\"https:\/\/abeille34.org\/index.php\/organigramme\/\">Continuer la lecture <span class=\"screen-reader-text\">  Organigramme<\/span><span class=\"meta-nav\">&rarr;<\/span><\/a><\/p>\n","protected":false},"author":1,"featured_media":0,"parent":0,"menu_order":0,"comment_status":"closed","ping_status":"closed","template":"","meta":{"_acf_changed":false,"footnotes":""},"class_list":["post-1445","page","type-page","status-publish","hentry"],"acf":[],"_links":{"self":[{"href":"https:\/\/abeille34.org\/index.php\/wp-json\/wp\/v2\/pages\/1445","targetHints":{"allow":["GET"]}}],"collection":[{"href":"https:\/\/abeille34.org\/index.php\/wp-json\/wp\/v2\/pages"}],"about":[{"href":"https:\/\/abeille34.org\/index.php\/wp-json\/wp\/v2\/types\/page"}],"author":[{"embeddable":true,"href":"https:\/\/abeille34.org\/index.php\/wp-json\/wp\/v2\/users\/1"}],"replies":[{"embeddable":true,"href":"https:\/\/abeille34.org\/index.php\/wp-json\/wp\/v2\/comments?post=1445"}],"version-history":[{"count":6,"href":"https:\/\/abeille34.org\/index.php\/wp-json\/wp\/v2\/pages\/1445\/revisions"}],"predecessor-version":[{"id":2066,"href":"https:\/\/abeille34.org\/index.php\/wp-json\/wp\/v2\/pages\/1445\/revisions\/2066"}],"wp:attachment":[{"href":"https:\/\/abeille34.org\/index.php\/wp-json\/wp\/v2\/media?parent=1445"}],"curies":[{"name":"wp","href":"https:\/\/api.w.org\/{rel}","templated":true}]}}