{"id":1871,"date":"2023-08-31T06:45:14","date_gmt":"2023-08-31T04:45:14","guid":{"rendered":"https:\/\/abeille34.org\/?page_id=1871"},"modified":"2024-10-07T16:59:17","modified_gmt":"2024-10-07T14:59:17","slug":"rucher-ecole-dagde","status":"publish","type":"page","link":"https:\/\/abeille34.org\/index.php\/rucher-ecole-dagde\/","title":{"rendered":"Rucher \u00e9cole d&rsquo;Agde"},"content":{"rendered":"\n<figure class=\"wp-block-image\"><img decoding=\"async\" src=\"http:\/\/img.over-blog.com\/300x199\/2\/81\/81\/68\/Divers\/RUCHER-AGDE\/Agde4.jpg\" alt=\"Agde4\"\/><\/figure>\n\n\n\n<p>Cr\u00e9\u00e9&nbsp;en 2010 par le Syndicat \u00ab&nbsp;l\u2019Abeille H\u00e9raultaise&nbsp;\u00bb et avec l\u2019aide de la commune d\u2019Agde, un rucher \u00e9cole a \u00e9t\u00e9 implant\u00e9 au lieu dit \u00ab&nbsp;Le Grand Pioch&nbsp;\u00bb (au pied du mont Saint Loup) rue du Luxembourg \u00e0 Agde.<\/p>\n\n\n\n<p>&nbsp;Les cours comprenant une soixantaine de sujets en relation avec la nature, les abeilles et l\u2019apiculture en g\u00e9n\u00e9ral&nbsp;; dispens\u00e9s par des sp\u00e9cialistes apicoles, ont eu lieu un samedi sur deux de 14 \u00e0 18 heures de f\u00e9vrier&nbsp;&nbsp;\u00e0 juin puis en septembre et octobre.<\/p>\n\n\n\n<p>Ils sont sanctionn\u00e9s par un certificat qui atteste que son titulaire poss\u00e8de les bases n\u00e9cessaires pour \u00e9lever des abeilles et conduire un rucher.<\/p>\n\n\n\n<p>Comme une ann\u00e9e apicole d\u00e9marre toujours avant m\u00eame que la pr\u00e9c\u00e9dente soit termin\u00e9e (\u00e0 la fin de l\u2019\u00e9t\u00e9), les&nbsp;<strong>inscriptions<\/strong>&nbsp;<strong>aux rucher \u00e9cole doivent se faire au plus tot<\/strong>. Toutefois, dans le but d\u2019assurer une bonne formation, le nombre d\u2019\u00e9l\u00e8ves est limit\u00e9 \u00e0 20 personnes.<\/p>\n\n\n\n<p>Pour vous inscrire \u00e0 une session de formation, vous devez envoyer un mail \u00e0 l&rsquo;adresse suivante:<\/p>\n\n\n\n<p>reah.agde@gmail.com&nbsp;en mentionnant votre intention de suivre les cours.<\/p>\n\n\n\n<p>A l&rsquo;automne, il vous sera demand\u00e9 confirmation ainsi qu&rsquo;un ch\u00e8que du montant des frais d&rsquo;inscription.<\/p>\n\n\n\n<p>Le programme est le suivant:<\/p>\n\n\n\n<p>&#8211; Les outils de l\u2019apiculteur<\/p>\n\n\n\n<p>&#8211; La colonie d\u2019abeille<\/p>\n\n\n\n<p>&#8211; La classification des abeilles<\/p>\n\n\n\n<p>&#8211; La vie sociale des abeilles<\/p>\n\n\n\n<p>&#8211; Le contact avec les abeilles<\/p>\n\n\n\n<p>&#8211; L\u2019installation d\u2019un rucher<\/p>\n\n\n\n<p>&#8211; La visite de printemps<\/p>\n\n\n\n<p>&#8211; La morphologie de l\u2019abeille, de la reine, du m\u00e2le<\/p>\n\n\n\n<p>&#8211; L\u2019essaimage artificiel<\/p>\n\n\n\n<p>&#8211; L\u2019essaimage&nbsp; naturel<\/p>\n\n\n\n<p>&#8211; Les facteurs de rendement<\/p>\n\n\n\n<p>&#8211; Les plantes mellif\u00e8res<\/p>\n\n\n\n<p>&#8211; Les produits de la ruche<\/p>\n\n\n\n<p>&#8211; La transhumance<\/p>\n\n\n\n<p>&#8211; La r\u00e9colte et la mise en pots<\/p>\n\n\n\n<p>&#8211; Les maladies du couvain<\/p>\n\n\n\n<p>&#8211; Les maladies de&nbsp; l\u2019abeille<\/p>\n\n\n\n<p>&#8211; Les pr\u00e9dateurs de la ruche<\/p>\n\n\n\n<p>&#8211; La varroase et les traitements<\/p>\n\n\n\n<p>&#8211; La visite d\u2019automne<\/p>\n\n\n\n<p>Les cours commenceront en f\u00e9vrier de l&rsquo;ann\u00e9e suivante.Le calendrier vous sera communiqu\u00e9 en temps voulu.<\/p>\n\n\n\n<figure class=\"wp-block-image\"><img decoding=\"async\" src=\"http:\/\/img.over-blog.com\/500x375\/2\/81\/81\/68\/Divers\/Elevage-reine-2013-Agde\/Elevage-reine-2013-Agde-20130713_161658.jpg\" alt=\"Elevage-reine-2013-Agde 20130713 161658\"\/><\/figure>\n\n\n\n<p><strong>CALENDRIER :<\/strong><\/p>\n\n\n\n<p>les cours ont lieu le samedi de&nbsp;<strong>14 heures \u00e0 18 heures<\/strong>&nbsp;au&nbsp;<a href=\"https:\/\/drive.google.com\/open?id=1GLF-D61SjzPqDW5mKd6wzasme8w&amp;usp=sharing\" target=\"_blank\" rel=\"noreferrer noopener\">rucher<\/a>&nbsp;d&rsquo;Agde tous les quinze jours de f\u00e9vrier \u00e0 octobre avec interruption en juillet aout.<\/p>\n\n\n\n<hr class=\"wp-block-separator has-alpha-channel-opacity\"\/>\n\n\n\n<p>Contact:         reah.agde@gmail.com\u00a0<\/p>\n","protected":false},"excerpt":{"rendered":"<p>Cr\u00e9\u00e9&nbsp;en 2010 par le Syndicat \u00ab&nbsp;l\u2019Abeille H\u00e9raultaise&nbsp;\u00bb et avec l\u2019aide de la commune d\u2019Agde, un rucher \u00e9cole a \u00e9t\u00e9 implant\u00e9 au lieu dit \u00ab&nbsp;Le Grand Pioch&nbsp;\u00bb (au pied du mont Saint Loup) rue du Luxembourg \u00e0 Agde. &nbsp;Les cours comprenant <a class=\"more-link\" href=\"https:\/\/abeille34.org\/index.php\/rucher-ecole-dagde\/\">Continuer la lecture <span class=\"screen-reader-text\">  Rucher \u00e9cole d&rsquo;Agde<\/span><span class=\"meta-nav\">&rarr;<\/span><\/a><\/p>\n","protected":false},"author":1,"featured_media":1873,"parent":0,"menu_order":0,"comment_status":"closed","ping_status":"closed","template":"","meta":{"_acf_changed":false,"footnotes":""},"class_list":["post-1871","page","type-page","status-publish","has-post-thumbnail","hentry"],"acf":[],"_links":{"self":[{"href":"https:\/\/abeille34.org\/index.php\/wp-json\/wp\/v2\/pages\/1871","targetHints":{"allow":["GET"]}}],"collection":[{"href":"https:\/\/abeille34.org\/index.php\/wp-json\/wp\/v2\/pages"}],"about":[{"href":"https:\/\/abeille34.org\/index.php\/wp-json\/wp\/v2\/types\/page"}],"author":[{"embeddable":true,"href":"https:\/\/abeille34.org\/index.php\/wp-json\/wp\/v2\/users\/1"}],"replies":[{"embeddable":true,"href":"https:\/\/abeille34.org\/index.php\/wp-json\/wp\/v2\/comments?post=1871"}],"version-history":[{"count":2,"href":"https:\/\/abeille34.org\/index.php\/wp-json\/wp\/v2\/pages\/1871\/revisions"}],"predecessor-version":[{"id":2148,"href":"https:\/\/abeille34.org\/index.php\/wp-json\/wp\/v2\/pages\/1871\/revisions\/2148"}],"wp:featuredmedia":[{"embeddable":true,"href":"https:\/\/abeille34.org\/index.php\/wp-json\/wp\/v2\/media\/1873"}],"wp:attachment":[{"href":"https:\/\/abeille34.org\/index.php\/wp-json\/wp\/v2\/media?parent=1871"}],"curies":[{"name":"wp","href":"https:\/\/api.w.org\/{rel}","templated":true}]}}