{"id":1884,"date":"2023-08-31T07:17:04","date_gmt":"2023-08-31T05:17:04","guid":{"rendered":"https:\/\/abeille34.org\/?page_id=1884"},"modified":"2025-02-19T09:01:43","modified_gmt":"2025-02-19T08:01:43","slug":"cueilleurs-dessaims","status":"publish","type":"page","link":"https:\/\/abeille34.org\/index.php\/cueilleurs-dessaims\/","title":{"rendered":"Cueilleurs d&rsquo;essaims"},"content":{"rendered":"\n<div class=\"wp-block-file aligncenter\"><a href=\"https:\/\/abeille34.org\/wp-content\/uploads\/2025\/02\/liste-cueilleur-cot-2023.xlsx\" class=\"wp-block-file__button wp-element-button\" download>T\u00e9l\u00e9charger la liste<\/a><\/div>\n\n\n\n<p><\/p>\n\n\n\n<p>Les&nbsp;abeilles&nbsp;ont un r\u00f4le essentiel en terme de&nbsp;pr\u00e9servation de la biodiversit\u00e9. Ce sont des insectes pollinisateurs, c&rsquo;est \u00e0 dire qu&rsquo;elles transportent le pollen (\u00e9l\u00e9ment m\u00e2le) des fleurs qu&rsquo;elles butinent, sur le pistil d&rsquo;autres fleurs (\u00e9l\u00e9ment femelle), ce qui permet la f\u00e9condation et la reproduction des esp\u00e8ces v\u00e9g\u00e9tales.<\/p>\n\n\n\n<p>L&rsquo;activit\u00e9 de&nbsp;pollinisation&nbsp;des abeilles est essentielle \u00e0 l&rsquo;agriculture&nbsp;:&nbsp;<strong>la majorit\u00e9 des cultures fruiti\u00e8res, l\u00e9gumi\u00e8res, ol\u00e9agineuses et prot\u00e9agineuses, de&nbsp;fruits&nbsp;\u00e0 coque, d&rsquo;\u00e9pices, de caf\u00e9 et de cacao, b\u00e9n\u00e9ficient de l&rsquo;activit\u00e9 pollinisatrice des insectes.<\/strong><\/p>\n\n\n\n<p><strong>&nbsp;Il faut donc respecter et prot\u00e9ger l&rsquo;abeille.<\/strong><\/p>\n\n\n\n<p>L&rsquo;abeille vit sur terre depuis 80 millions d&rsquo;ann\u00e9es, bien avant l&rsquo;arriv\u00e9e de l&rsquo;homme. Elle s&rsquo;est adapt\u00e9e et a surv\u00e9cu \u00e0 tous les probl\u00e8mes qu&rsquo;elle a rencontr\u00e9s.<\/p>\n\n\n\n<p><strong>Sa seule fa\u00e7on de perp\u00e9tuer et multiplier l&rsquo;esp\u00e8ce est l&rsquo;essaimage.<\/strong><\/p>\n\n\n\n<p>C&rsquo;est \u00e0 dire<strong>&nbsp;<\/strong>l&rsquo;abandon de la colonie&nbsp;surpeupl\u00e9e par un groupe d&rsquo;individus qui vont ensemble cr\u00e9er une nouvelle soci\u00e9t\u00e9.<\/p>\n\n\n\n<p>C&rsquo;est le mode naturel de reproduction et de dispersion dans l&rsquo;espace de colonies d&rsquo;abeilles.<\/p>\n\n\n\n<p>Lors de l&rsquo;essaimage, l&rsquo;abeille est peu agressive.<\/p>\n\n\n\n<p>Son objectif est de trouver un nouveau g\u00eete et non de piquer \u00e0 tout va.&nbsp;<\/p>\n\n\n\n<p><strong>Ce ph\u00e9nom\u00e8ne est naturel et existe depuis la nuit des temps.<\/strong><\/p>\n\n\n\n<p>On peut donc voir, surtout au printemps,&nbsp;des essaims en qu\u00eate de&nbsp;nouvelle&nbsp;demeure, pendus aux arbres, cach\u00e9s derri\u00e8re un volet ou ailleurs.<\/p>\n\n\n\n<figure class=\"wp-block-image\"><img decoding=\"async\" src=\"http:\/\/img.over-blog.com\/97x100\/2\/81\/81\/68\/Divers\/Divers\/medium-copie-1.jpg\" alt=\"medium-copie-1\"\/><\/figure>\n\n\n\n<p>Laiss\u00e9s \u00e0 leur propre sort, ces essaims sont vou\u00e9s \u00e0 dispara\u00eetre car ils ne pourront survivre aux agressions ext\u00e9rieures et aux diverses pollutions. Il leur faut le secours d&rsquo;un apiculteur qui leur offrira g\u00eete et protection&#8230;<\/p>\n\n\n\n<p>La destruction de l&rsquo;essaim ne se fera qu&rsquo;en dernier ressort et uniquement s&rsquo;il y a un risque av\u00e9r\u00e9 pour la population avoisinante, ce qui est exceptionnel.<\/p>\n\n\n\n<p><\/p>\n","protected":false},"excerpt":{"rendered":"<p>Les&nbsp;abeilles&nbsp;ont un r\u00f4le essentiel en terme de&nbsp;pr\u00e9servation de la biodiversit\u00e9. Ce sont des insectes pollinisateurs, c&rsquo;est \u00e0 dire qu&rsquo;elles transportent le pollen (\u00e9l\u00e9ment m\u00e2le) des fleurs qu&rsquo;elles butinent, sur le pistil d&rsquo;autres fleurs (\u00e9l\u00e9ment femelle), ce qui permet la f\u00e9condation <a class=\"more-link\" href=\"https:\/\/abeille34.org\/index.php\/cueilleurs-dessaims\/\">Continuer la lecture <span class=\"screen-reader-text\">  Cueilleurs d&rsquo;essaims<\/span><span class=\"meta-nav\">&rarr;<\/span><\/a><\/p>\n","protected":false},"author":1,"featured_media":0,"parent":0,"menu_order":0,"comment_status":"closed","ping_status":"closed","template":"","meta":{"_acf_changed":false,"footnotes":""},"class_list":["post-1884","page","type-page","status-publish","hentry"],"acf":[],"_links":{"self":[{"href":"https:\/\/abeille34.org\/index.php\/wp-json\/wp\/v2\/pages\/1884","targetHints":{"allow":["GET"]}}],"collection":[{"href":"https:\/\/abeille34.org\/index.php\/wp-json\/wp\/v2\/pages"}],"about":[{"href":"https:\/\/abeille34.org\/index.php\/wp-json\/wp\/v2\/types\/page"}],"author":[{"embeddable":true,"href":"https:\/\/abeille34.org\/index.php\/wp-json\/wp\/v2\/users\/1"}],"replies":[{"embeddable":true,"href":"https:\/\/abeille34.org\/index.php\/wp-json\/wp\/v2\/comments?post=1884"}],"version-history":[{"count":6,"href":"https:\/\/abeille34.org\/index.php\/wp-json\/wp\/v2\/pages\/1884\/revisions"}],"predecessor-version":[{"id":2337,"href":"https:\/\/abeille34.org\/index.php\/wp-json\/wp\/v2\/pages\/1884\/revisions\/2337"}],"wp:attachment":[{"href":"https:\/\/abeille34.org\/index.php\/wp-json\/wp\/v2\/media?parent=1884"}],"curies":[{"name":"wp","href":"https:\/\/api.w.org\/{rel}","templated":true}]}}