{"id":1899,"date":"2023-12-13T18:31:38","date_gmt":"2023-12-13T17:31:38","guid":{"rendered":"https:\/\/abeille34.org\/?page_id=1899"},"modified":"2023-12-26T16:45:40","modified_gmt":"2023-12-26T15:45:40","slug":"rucher-ecole-de-serignan","status":"publish","type":"page","link":"https:\/\/abeille34.org\/index.php\/rucher-ecole-de-serignan\/","title":{"rendered":"Rucher \u00e9cole de S\u00e9rignan"},"content":{"rendered":"<div class=\"wp-block-image is-style-default\">\n<figure class=\"alignright size-full is-resized\"><img loading=\"lazy\" decoding=\"async\" width=\"682\" height=\"623\" src=\"https:\/\/abeille34.org\/wp-content\/uploads\/2023\/12\/logo-rucher-ecole-2.gif\" alt=\"\" class=\"wp-image-1900\" style=\"width:133px;height:auto\"\/><\/figure><\/div>\n\n\n<p>Cr\u00e9\u00e9 en 2022, le rucher \u00e9cole de S\u00e9rignan\u00a0 est plac\u00e9 sous l\u2019\u00e9gide du Syndicat\u00a0\u00a0L\u2019Abeille H\u00e9raultaise qui disposait d\u00e9j\u00e0 de trois ruchers dans le d\u00e9partement de l\u2019H\u00e9rault situ\u00e9s en AGDE \u00e0 GRABELS et \u00e0 CASTRIES.\u00a0Le rucher \u00e9cole de S\u00e9rignan vient compl\u00e9ter la demande en formation et apporte un maillage du d\u00e9partement\u00a0.<\/p>\n\n\n\n<h3 class=\"wp-block-heading\"><img loading=\"lazy\" decoding=\"async\" src=\"https:\/\/lh7-us.googleusercontent.com\/xkstt7Ri1o6KwD7wIed16dXzxxmLNnLe59cTTj17j0KMwDgi9R4WhtpxLNg_8Wjp2s8OfvCjgPapOhwCbc7Xey4mMwF6Ibj57uKJaxBe-lUjZpl3ruKW03FgZFBIduOI0ChxFXkNDAZnwdl7DoB9zg\" width=\"624\" height=\"468\"><\/h3>\n\n\n\n<p>Les abeilles vous int\u00e9ressent, vous fascinent, vous souhaitez adopter une ruche, l\u2019apiculture devient de plus en plus technique, s\u2019occuper correctement des abeilles ne s\u2019improvise pas.&nbsp;&nbsp;<\/p>\n\n\n\n<p>Le rucher \u00e9cole vous apportera la formation n\u00e9cessaire pour d\u00e9buter&nbsp; l\u2019apiculture, ainsi que la pratique n\u00e9cessaire pour aborder une colonie d\u2019abeilles. Le rucher re\u00e7oit environ douze stagiaires chaque ann\u00e9e. Vous pourrez suivre une formation sur une ann\u00e9e apicole au rythme d\u2019un samedi apr\u00e8s midi tous les quinze jours de F\u00e9vrier \u00e0 Octobre avec une pause estivale, les cours th\u00e9oriques sont suivis par de la pratique sur les ruches du rucher \u00e9cole.<\/p>\n\n\n\n<p>Au cour de cette formation vous aborderez les th\u00e8mes suivants&nbsp;:<br>&#8211; La r\u00e9glementation<br>&#8211; La biologie de l\u2019abeille et la vie de la colonie&nbsp;<br>&#8211; La gestion de la ruche au cours des saisons<br>&#8211; La flore locale<br>&#8211; Les maladies, les agresseurs et la gestion sanitaire<br>&#8211; Les bases de l\u2019\u00e9levage et du renouvellement du cheptel <br>&#8211; Les produits de la ruche<\/p>\n\n\n\n<p>Tout au long de cette ann\u00e9e de formation vous b\u00e9n\u00e9ficierez d\u2019un accompagnement par les formateurs et dans le groupe vous tisserez des liens qui constitueront la base de votre r\u00e9seau apicole.<\/p>\n\n\n\n<p>Les formateurs du rucher \u00e9cole de S\u00e9rignan&nbsp;:<\/p>\n\n\n\n<p><strong>ASTRUC C\u00e9sar :&nbsp; 06 62 43 73 55<\/strong><br><strong>DIEGO Didier :&nbsp; 06 85 18 99 26<\/strong><\/p>\n\n\n\n<p>&nbsp;Mail&nbsp;: rucherserignan@outlook.fr<\/p>\n\n\n\n<figure class=\"wp-block-image\"><img loading=\"lazy\" decoding=\"async\" width=\"1599\" height=\"1200\" src=\"https:\/\/abeille34.org\/wp-content\/uploads\/2023\/12\/image.jpeg\" alt=\"\" class=\"wp-image-1901\" srcset=\"https:\/\/abeille34.org\/wp-content\/uploads\/2023\/12\/image.jpeg 1599w, https:\/\/abeille34.org\/wp-content\/uploads\/2023\/12\/image-600x450.jpeg 600w, https:\/\/abeille34.org\/wp-content\/uploads\/2023\/12\/image-300x225.jpeg 300w, https:\/\/abeille34.org\/wp-content\/uploads\/2023\/12\/image-1024x768.jpeg 1024w, https:\/\/abeille34.org\/wp-content\/uploads\/2023\/12\/image-768x576.jpeg 768w, https:\/\/abeille34.org\/wp-content\/uploads\/2023\/12\/image-1536x1153.jpeg 1536w\" sizes=\"auto, (max-width: 1599px) 100vw, 1599px\" \/><\/figure>\n","protected":false},"excerpt":{"rendered":"<p>Cr\u00e9\u00e9 en 2022, le rucher \u00e9cole de S\u00e9rignan\u00a0 est plac\u00e9 sous l\u2019\u00e9gide du Syndicat\u00a0\u00a0L\u2019Abeille H\u00e9raultaise qui disposait d\u00e9j\u00e0 de trois ruchers dans le d\u00e9partement de l\u2019H\u00e9rault situ\u00e9s en AGDE \u00e0 GRABELS et \u00e0 CASTRIES.\u00a0Le rucher \u00e9cole de S\u00e9rignan vient compl\u00e9ter <a class=\"more-link\" href=\"https:\/\/abeille34.org\/index.php\/rucher-ecole-de-serignan\/\">Continuer la lecture <span class=\"screen-reader-text\">  Rucher \u00e9cole de S\u00e9rignan<\/span><span class=\"meta-nav\">&rarr;<\/span><\/a><\/p>\n","protected":false},"author":1,"featured_media":0,"parent":0,"menu_order":0,"comment_status":"closed","ping_status":"closed","template":"","meta":{"_acf_changed":false,"footnotes":""},"class_list":["post-1899","page","type-page","status-publish","hentry"],"acf":[],"_links":{"self":[{"href":"https:\/\/abeille34.org\/index.php\/wp-json\/wp\/v2\/pages\/1899","targetHints":{"allow":["GET"]}}],"collection":[{"href":"https:\/\/abeille34.org\/index.php\/wp-json\/wp\/v2\/pages"}],"about":[{"href":"https:\/\/abeille34.org\/index.php\/wp-json\/wp\/v2\/types\/page"}],"author":[{"embeddable":true,"href":"https:\/\/abeille34.org\/index.php\/wp-json\/wp\/v2\/users\/1"}],"replies":[{"embeddable":true,"href":"https:\/\/abeille34.org\/index.php\/wp-json\/wp\/v2\/comments?post=1899"}],"version-history":[{"count":2,"href":"https:\/\/abeille34.org\/index.php\/wp-json\/wp\/v2\/pages\/1899\/revisions"}],"predecessor-version":[{"id":1950,"href":"https:\/\/abeille34.org\/index.php\/wp-json\/wp\/v2\/pages\/1899\/revisions\/1950"}],"wp:attachment":[{"href":"https:\/\/abeille34.org\/index.php\/wp-json\/wp\/v2\/media?parent=1899"}],"curies":[{"name":"wp","href":"https:\/\/api.w.org\/{rel}","templated":true}]}}