{"id":1904,"date":"2023-12-13T18:37:31","date_gmt":"2023-12-13T17:37:31","guid":{"rendered":"https:\/\/abeille34.org\/?page_id=1904"},"modified":"2023-12-13T18:37:31","modified_gmt":"2023-12-13T17:37:31","slug":"qui-sommes-nous","status":"publish","type":"page","link":"https:\/\/abeille34.org\/index.php\/qui-sommes-nous\/","title":{"rendered":"Qui sommes nous ?"},"content":{"rendered":"\n<p>L&rsquo;Abeille H\u00e9raultaise est une association loi 1901, qui r\u00e9unit environ 350 apiculteurs h\u00e9raultais, ce qui repr\u00e9sente environ 10.000 ruches.<\/p>\n\n\n\n<p>Notre association est ouverte \u00e0 tous les profils d&rsquo;apiculteurs : professionnels, pluriactifs ou de loisir.<\/p>\n\n\n\n<p>Quelle que soit votre vision de l&rsquo;apiculture, notre association met en place des actions qui vous concernent, par exemple : des \u00e9changes et de la formation dans le cadre des ruchers \u00e9coles d\u00e9partementaux, de la sensibilisation du grand public au role de l&rsquo;abeille au travers des f\u00eates du miel, la mutualisation du mat\u00e9riel d&rsquo;extraction du miel avec la miellerie collective situ\u00e9e \u00e0 Gignac, l&rsquo;acc\u00e8s \u00e0 une offre compl\u00e8te d&rsquo;assurances sp\u00e9cifiques adapt\u00e9es aux risques li\u00e9s \u00e0 la gestion de vos ruches, ou encore des informations r\u00e8glementaires ou sanitaires en lien avec le GDSA de l&rsquo;H\u00e9rault.<\/p>\n\n\n\n<p>Notre association est affili\u00e9e \u00e0 l&rsquo;<a href=\"https:\/\/www.unaf-apiculture.info\/\" data-type=\"link\" data-id=\"https:\/\/www.unaf-apiculture.info\/\">Unaf<\/a>, syndicat national d&rsquo;apiculture, dont les missions principales sont : d\u00e9fendre les int\u00e9r\u00eats \u00e9conomiques de la fili\u00e8re, prot\u00e9ger les abeilles, sensibiliser le grand public au r\u00f4le pr\u00e9pond\u00e9rant de l\u2019abeille, rassembler et repr\u00e9senter les apiculteurs, promouvoir les produits de la ruche et d\u00e9fendre leur qualit\u00e9, initier et former de nouveaux apiculteurs.<\/p>\n","protected":false},"excerpt":{"rendered":"<p>L&rsquo;Abeille H\u00e9raultaise est une association loi 1901, qui r\u00e9unit environ 350 apiculteurs h\u00e9raultais, ce qui repr\u00e9sente environ 10.000 ruches. Notre association est ouverte \u00e0 tous les profils d&rsquo;apiculteurs : professionnels, pluriactifs ou de loisir. Quelle que soit votre vision de <a class=\"more-link\" href=\"https:\/\/abeille34.org\/index.php\/qui-sommes-nous\/\">Continuer la lecture <span class=\"screen-reader-text\">  Qui sommes nous ?<\/span><span class=\"meta-nav\">&rarr;<\/span><\/a><\/p>\n","protected":false},"author":1,"featured_media":0,"parent":0,"menu_order":0,"comment_status":"closed","ping_status":"closed","template":"","meta":{"_acf_changed":false,"footnotes":""},"class_list":["post-1904","page","type-page","status-publish","hentry"],"acf":[],"_links":{"self":[{"href":"https:\/\/abeille34.org\/index.php\/wp-json\/wp\/v2\/pages\/1904","targetHints":{"allow":["GET"]}}],"collection":[{"href":"https:\/\/abeille34.org\/index.php\/wp-json\/wp\/v2\/pages"}],"about":[{"href":"https:\/\/abeille34.org\/index.php\/wp-json\/wp\/v2\/types\/page"}],"author":[{"embeddable":true,"href":"https:\/\/abeille34.org\/index.php\/wp-json\/wp\/v2\/users\/1"}],"replies":[{"embeddable":true,"href":"https:\/\/abeille34.org\/index.php\/wp-json\/wp\/v2\/comments?post=1904"}],"version-history":[{"count":1,"href":"https:\/\/abeille34.org\/index.php\/wp-json\/wp\/v2\/pages\/1904\/revisions"}],"predecessor-version":[{"id":1905,"href":"https:\/\/abeille34.org\/index.php\/wp-json\/wp\/v2\/pages\/1904\/revisions\/1905"}],"wp:attachment":[{"href":"https:\/\/abeille34.org\/index.php\/wp-json\/wp\/v2\/media?parent=1904"}],"curies":[{"name":"wp","href":"https:\/\/api.w.org\/{rel}","templated":true}]}}