{"id":1907,"date":"2023-12-13T18:57:05","date_gmt":"2023-12-13T17:57:05","guid":{"rendered":"https:\/\/abeille34.org\/?page_id=1907"},"modified":"2023-12-13T18:57:05","modified_gmt":"2023-12-13T17:57:05","slug":"ruchers-ecoles-departementaux","status":"publish","type":"page","link":"https:\/\/abeille34.org\/index.php\/ruchers-ecoles-departementaux\/","title":{"rendered":"Ruchers \u00e9coles d\u00e9partementaux"},"content":{"rendered":"\n<p>G\u00e9rer des ruches est une passion de plus en plus technique.<br>Nombre d&rsquo;apiculteurs d\u00e9butants se d\u00e9couragent face aux difficult\u00e9s pour maintenir leurs colonies vivantes.<br>Se former est donc un pr\u00e9alable n\u00e9cessaire pour se lancer en apiculture en responsabilit\u00e9.<br>Dans nos ruchers \u00e9coles, vous serez accompagn\u00e9s tout au long d&rsquo;une saison, avec des apports th\u00e9oriques et de la pratique r\u00e9guli\u00e8re.<\/p>\n\n\n<div class=\"wp-block-image\">\n<figure class=\"aligncenter size-large is-resized\"><img loading=\"lazy\" decoding=\"async\" width=\"1024\" height=\"768\" src=\"https:\/\/abeille34.org\/wp-content\/uploads\/2023\/12\/UNAF_christelbonnafoux_unaf_apiculteurs-1024x768.jpg\" alt=\"\" class=\"wp-image-1908\" style=\"width:440px;height:auto\" srcset=\"https:\/\/abeille34.org\/wp-content\/uploads\/2023\/12\/UNAF_christelbonnafoux_unaf_apiculteurs-1024x768.jpg 1024w, https:\/\/abeille34.org\/wp-content\/uploads\/2023\/12\/UNAF_christelbonnafoux_unaf_apiculteurs-scaled-600x450.jpg 600w, https:\/\/abeille34.org\/wp-content\/uploads\/2023\/12\/UNAF_christelbonnafoux_unaf_apiculteurs-300x225.jpg 300w, https:\/\/abeille34.org\/wp-content\/uploads\/2023\/12\/UNAF_christelbonnafoux_unaf_apiculteurs-768x576.jpg 768w, https:\/\/abeille34.org\/wp-content\/uploads\/2023\/12\/UNAF_christelbonnafoux_unaf_apiculteurs-1536x1152.jpg 1536w, https:\/\/abeille34.org\/wp-content\/uploads\/2023\/12\/UNAF_christelbonnafoux_unaf_apiculteurs-2048x1536.jpg 2048w\" sizes=\"auto, (max-width: 1024px) 100vw, 1024px\" \/><\/figure><\/div>\n\n\n<p><br>Des apiculteurs exp\u00e9riment\u00e9s guideront vos interventions sur les ruches en fonction du contexte local et de la saison.<br>L&rsquo;objectif est que vous abordiez vos ruches en s\u00e9curit\u00e9, pour vous, pour elles et pour votre environnement et que vous ayez les bases pour progresser au fur et \u00e0 mesure de vos exp\u00e9riences.<br>Les cours th\u00e9oriques abordent : la r\u00e8glementation, la biologie de l&rsquo;abeille et des colonies, la gestion sanitaire, les bases de l&rsquo;\u00e9levage et du renouvellement du cheptel, les produits de la ruche, la flore locale.<\/p>\n\n\n\n<p>La pratique r\u00e9guli\u00e8re doit vous apporter la confiance, et le plaisir qui seront les bases de votre progression.<br>Enfin lors de ces formations, vos moniteurs et vos coll\u00e8gues constitueront les bases de votre r\u00e9seau apicole.<br>Ne pas \u00eatre seul face \u00e0 ses ruches est une des cl\u00e9s de la r\u00e9ussite !<\/p>\n","protected":false},"excerpt":{"rendered":"<p>G\u00e9rer des ruches est une passion de plus en plus technique.Nombre d&rsquo;apiculteurs d\u00e9butants se d\u00e9couragent face aux difficult\u00e9s pour maintenir leurs colonies vivantes.Se former est donc un pr\u00e9alable n\u00e9cessaire pour se lancer en apiculture en responsabilit\u00e9.Dans nos ruchers \u00e9coles, vous <a class=\"more-link\" href=\"https:\/\/abeille34.org\/index.php\/ruchers-ecoles-departementaux\/\">Continuer la lecture <span class=\"screen-reader-text\">  Ruchers \u00e9coles d\u00e9partementaux<\/span><span class=\"meta-nav\">&rarr;<\/span><\/a><\/p>\n","protected":false},"author":1,"featured_media":0,"parent":0,"menu_order":0,"comment_status":"closed","ping_status":"closed","template":"","meta":{"_acf_changed":false,"footnotes":""},"class_list":["post-1907","page","type-page","status-publish","hentry"],"acf":[],"_links":{"self":[{"href":"https:\/\/abeille34.org\/index.php\/wp-json\/wp\/v2\/pages\/1907","targetHints":{"allow":["GET"]}}],"collection":[{"href":"https:\/\/abeille34.org\/index.php\/wp-json\/wp\/v2\/pages"}],"about":[{"href":"https:\/\/abeille34.org\/index.php\/wp-json\/wp\/v2\/types\/page"}],"author":[{"embeddable":true,"href":"https:\/\/abeille34.org\/index.php\/wp-json\/wp\/v2\/users\/1"}],"replies":[{"embeddable":true,"href":"https:\/\/abeille34.org\/index.php\/wp-json\/wp\/v2\/comments?post=1907"}],"version-history":[{"count":1,"href":"https:\/\/abeille34.org\/index.php\/wp-json\/wp\/v2\/pages\/1907\/revisions"}],"predecessor-version":[{"id":1910,"href":"https:\/\/abeille34.org\/index.php\/wp-json\/wp\/v2\/pages\/1907\/revisions\/1910"}],"wp:attachment":[{"href":"https:\/\/abeille34.org\/index.php\/wp-json\/wp\/v2\/media?parent=1907"}],"curies":[{"name":"wp","href":"https:\/\/api.w.org\/{rel}","templated":true}]}}