{"id":2067,"date":"2024-04-11T12:05:09","date_gmt":"2024-04-11T10:05:09","guid":{"rendered":"https:\/\/abeille34.org\/?page_id=2067"},"modified":"2025-06-05T21:29:24","modified_gmt":"2025-06-05T19:29:24","slug":"miellerie-collective","status":"publish","type":"page","link":"https:\/\/abeille34.org\/index.php\/miellerie-collective\/","title":{"rendered":"R\u00e9servation \/ R\u00e8glement int\u00e9rieur"},"content":{"rendered":"\n<h2 class=\"wp-block-heading has-text-align-center\"><\/h2>\n\n\n\n<p><\/p>\n\n\n<h3><strong>RESERVATION<\/strong>:<\/h3>\n<h4>Lien:\u00a0 \u00a0Cliquer ci dessous<\/h4>\n<h3 style=\"text-align: center;\"><a href=\"https:\/\/abeille34.simplybook.it\/v2\/\" target=\"_blank\" rel=\"noopener\"><strong>R\u00e9server la miellerie\u00a0<\/strong><\/a><\/h3>\n<h3><strong>REGLEMENT INTERIEUR<\/strong><\/h3>\n<p style=\"text-align: center;\"><strong>A prendre connaissance avant r\u00e9servation<\/strong><\/p>\n\n\n<p>Le syndicat apicole l&rsquo;Abeille H\u00e9raultaise met \u00e0 la disposition de ses adh\u00e9rents des locaux situ\u00e9s \u00e0 Gignac dans l&rsquo;enceinte du Lyc\u00e9e Agricole.<\/p>\n\n\n\n<p>Les locaux abritent le mat\u00e9riel n\u00e9cessaire \u00e0 l&rsquo;extraction de miel : d\u00e9soperculation et extraction sur deux postes de travail.<\/p>\n\n\n\n<ul class=\"wp-block-list\">\n<li>Poste 1 (24 cadres) pour extraction de petites quantit\u00e9s<\/li>\n\n\n\n<li>Poste 2 (54 cadres) pour des extractions de plus grosses quantit\u00e9s.<\/li>\n<\/ul>\n\n\n\n<h3 class=\"wp-block-heading\"><strong><em>R\u00c8GLES D\u2019UTILISATION:<\/em><\/strong><\/h3>\n\n\n\n<p>L\u2019utilisation de la miellerie et de ses \u00e9quipements est ouverte \u00e0 tout apiculteur \u00e0 jour de ses cotisations au Syndicat l&rsquo;Abeille H\u00e9raultaise.<\/p>\n\n\n\n<p>Plusieurs apiculteurs peuvent se grouper pour r\u00e9server et r\u00e9aliser le travail d&rsquo;extraction en commun \u00e0 condition qu\u2019ils soient tous adh\u00e9rents \u00e0 l\u2019Abeille H\u00e9raultaise. Dans ce cas, une seule personne s\u2019inscrit et prend donc la responsabilit\u00e9 de l\u2019extraction.<\/p>\n\n\n\n<p>Tout apiculteur devra obligatoirement accepter ce pr\u00e9sent r\u00e8glement avant de proc\u00e9der \u00e0 toute op\u00e9ration au sein des locaux.<\/p>\n\n\n\n<h3 class=\"wp-block-heading\"><strong><em>R\u00c9SERVATION et ANNULATION<\/em><\/strong><\/h3>\n\n\n\n<h3 class=\"wp-block-heading\"><strong>R\u00e9servation<\/strong><\/h3>\n\n\n\n<p><strong>Lien de r\u00e9servation<\/strong>:   <a href=\"https:\/\/abeille34.simplybook.it\/v2\/\"><strong>R\u00e9server la miellerie pour extraction<\/strong><\/a><\/p>\n\n\n\n<p>La r\u00e9servation pr\u00e9alable d\u2019un poste d\u2019extraction est obligatoire avec un d\u00e9lai de 48h minimum.<\/p>\n\n\n\n<p><strong>Le r\u00e8glement&nbsp; s\u2019effectue en ligne et valide la r\u00e9servation<\/strong> (paiement en ligne s\u00e9curis\u00e9)<\/p>\n\n\n\n<p>Montant de la r\u00e9servation:<\/p>\n\n\n\n<p>Par d\u00e9cision du Conseil d&rsquo;Administration en date du 15 mai 2025 les tarifs retenus sont les suivants:<\/p>\n\n\n\n<p class=\"has-background has-normal-font-size\" style=\"background-color:#f6f692;font-style:normal;font-weight:700\"> 20\u20ac \/ demi journ\u00e9e d&rsquo;extraction<\/p>\n\n\n\n<p class=\"has-background has-normal-font-size\" style=\"background-color:#f6f692;font-style:normal;font-weight:700\"> 30\u20ac \/ journ\u00e9e d&rsquo;extraction<\/p>\n\n\n\n<h3 class=\"wp-block-heading\"><strong>ANNULATION:<\/strong><\/h3>\n\n\n\n<p>Toute annulation sera faite au plus t\u00f4t, et <strong>sept jours minimum avant la date pr\u00e9vue d\u2019extraction<\/strong>. Le montant de la r\u00e9servation sera alors rembours\u00e9.<\/p>\n\n\n\n<p><strong>Le non-respect de cette r\u00e8gle entra\u00eenera la perte du montant de la r\u00e9servation<\/strong><\/p>\n\n\n\n<p><strong><em>Tout apiculteur s\u2019engage \u00e0 respecter le planning (jour et horaire) qu\u2019il aura choisi. S&rsquo;il constate qu\u2019il ne peut terminer son extraction en temps et en heure, il contactera le responsable de la miellerie au plus t\u00f4t.<\/em><\/strong><\/p>\n\n\n\n<h3 class=\"wp-block-heading\"><strong><em>REMISE DES CL\u00c9S<\/em><\/strong><\/h3>\n\n\n\n<p>L\u2019heure de remise des cl\u00e9s se fait \u00e0 partir de 8 h. L\u2019heure de r\u00e9cup\u00e9ration des cl\u00e9s se fait au plus tard \u00e0 18 h (ou apr\u00e8s entente avec le responsable).<\/p>\n\n\n\n<p>Les cl\u00e9s seront donn\u00e9es lors de l&rsquo;arriv\u00e9e de l&rsquo;apiculteur \u00e0 la miellerie,&nbsp; en \u00e9change du ch\u00e8que de caution.<\/p>\n\n\n\n<p>Elles seront rendues imm\u00e9diatement apr\u00e8s l\u2019utilisation de la miellerie \u00e0 la personne en charge de l\u2019\u00e9tat des lieux.<\/p>\n\n\n\n<p>Aucun double des cl\u00e9s ne devra \u00eatre r\u00e9alis\u00e9.<\/p>\n\n\n\n<h2 class=\"wp-block-heading\"><strong><em>RESPONSABILIT\u00c9 et ASSURANCE<\/em><\/strong><\/h2>\n\n\n\n<p>La responsabilit\u00e9 civile de l\u2019utilisateur doit \u00eatre couverte par son assureur en cas d\u2019accident, qu\u2019il soit corporel, mat\u00e9riel ou qu\u2019il concerne ses produits.<\/p>\n\n\n\n<p>A ce titre, l\u2019utilisateur devra fournir une photocopie de sa police d\u2019assurance responsabilit\u00e9 civile d\u00e8s la r\u00e9servation.<\/p>\n\n\n\n<p>Ainsi, toute perte ou d\u00e9gradation du mat\u00e9riel par l\u2019utilisateur, entra\u00eenera la prise en charge \u00e0 ses frais des r\u00e9parations.<\/p>\n\n\n\n<p>Toute personne introduite dans la miellerie par l&rsquo;apiculteur le sera en sa pr\u00e9sence et sous sa propre responsabilit\u00e9. Le nombre de personnes doit \u00eatre r\u00e9duit au minimum pour des raisons sanitaires et de s\u00e9curit\u00e9.<\/p>\n\n\n\n<p>Pour leur propre s\u00e9curit\u00e9, les utilisateurs doivent respecter les consignes d\u2019utilisation des machines et informer les responsables de tout dysfonctionnement. L\u2019utilisateur travaille sous sa responsabilit\u00e9 et s\u2019engage \u00e0 utiliser le mat\u00e9riel dans les conditions optimales de s\u00e9curit\u00e9 pr\u00e9vues (cf. notices d\u2019utilisation des machines).<\/p>\n\n\n\n<p>Le syndicat \u00ab Abeille H\u00e9raultaise \u00bb d\u00e9cline toute responsabilit\u00e9 concernant un \u00e9ventuel accident.<\/p>\n\n\n\n<h3 class=\"wp-block-heading\"><strong><em>UTILISATION des APPAREILS<\/em><\/strong><\/h3>\n\n\n\n<h3 class=\"wp-block-heading\"><strong>Tenue :&nbsp;<\/strong><\/h3>\n\n\n\n<p>L\u2019utilisateur est astreint \u00e0 la plus grande propret\u00e9 corporelle et vestimentaire.<\/p>\n\n\n\n<p>Il doit se munir d\u2019une tenue propre en accord avec la manipulation de denr\u00e9es alimentaires et en respect de la r\u00e9glementation sanitaire du produit qu&rsquo;il manipule (miel bio ou autre)<\/p>\n\n\n\n<p>En cas de plaie aux mains, le port de gants jetables est obligatoire.<\/p>\n\n\n\n<h3 class=\"wp-block-heading\"><strong>Fonctionnement :<\/strong><\/h3>\n\n\n\n<div class=\"wp-block-group\"><div class=\"wp-block-group__inner-container is-layout-constrained wp-block-group-is-layout-constrained\">\n<div class=\"wp-block-group\"><div class=\"wp-block-group__inner-container is-layout-constrained wp-block-group-is-layout-constrained\">\n<p>Pendant l\u2019extraction l\u2019apiculteur est autonome&nbsp;<\/p>\n\n\n\n<p>Des fiches techniques d\u2019utilisation sont \u00e0 sa disposition.<\/p>\n\n\n\n<p>Des tutoriels vid\u00e9o montrent le mode de fonctionnement et indiquent la marche \u00e0 suivre pour les op\u00e9rations de d\u00e9soperculation, extraction, nettoyage etc.<\/p>\n<\/div><\/div>\n\n\n\n<h4 class=\"wp-block-heading\"><strong><em>Conseils&nbsp;\u00e9l\u00e9mentaires:<\/em><\/strong><\/h4>\n<\/div><\/div>\n\n\n\n<ul class=\"wp-block-list\">\n<li>Les lots de hausses entrant dans la miellerie seront d\u00e9barrass\u00e9s au maximum de leurs abeilles.<\/li>\n\n\n\n<li>Pendant l\u2019extraction, il est obligatoire de fermer les fen\u00eatres et les portes afin d\u2019\u00e9viter d\u2019\u00eatre envahi par des abeilles pilleuses attir\u00e9es par l\u2019odeur du miel.<\/li>\n\n\n\n<li>Si un probl\u00e8me est constat\u00e9 pendant l\u2019utilisation du mat\u00e9riel, l\u2019apiculteur contactera au plus vite le responsable afin de prendre les mesures n\u00e9cessaires.<\/li>\n<\/ul>\n\n\n\n<ul class=\"wp-block-list\">\n<li>Aucun mat\u00e9riel et \u00e9quipement de la miellerie ne doit quitter le local.&nbsp;<\/li>\n\n\n\n<li>L&rsquo;utilisateur devra signaler tout probl\u00e8me de fonctionnement ou panne intervenu lors de l&rsquo;extraction. Il pourra aussi sugg\u00e9rer toute am\u00e9lioration qui serait favorable \u00e0 un meilleur fonctionnement de l&rsquo;extraction dans la miellerie.<\/li>\n<\/ul>\n\n\n\n<p><strong><em>A la fin de l&rsquo;extraction, le miel, devra \u00eatre conditionn\u00e9 en f\u00fbts ou seaux, et sera&nbsp; repris par l&rsquo;apiculteur.<\/em><\/strong><\/p>\n\n\n\n<p><strong><em>Aucun stockage de miel&nbsp; ne sera fait \u00e0 l\u2019int\u00e9rieur de la miellerie.<\/em><\/strong><\/p>\n\n\n\n<h3 class=\"wp-block-heading\"><strong><em>NETTOYAGE<\/em><\/strong><\/h3>\n\n\n\n<p>Apr\u00e8s utilisation, la miellerie et le mat\u00e9riel utilis\u00e9 seront obligatoirement nettoy\u00e9s, lav\u00e9s, parfaitement rinc\u00e9s et propres.<\/p>\n\n\n\n<p>Avant nettoyage, tout appareil connect\u00e9&nbsp; au r\u00e9seau \u00e9lectrique devra \u00eatre d\u00e9connect\u00e9 de celui-ci.<\/p>\n\n\n\n<p>Se r\u00e9f\u00e9rer \u00e0 la fiche \u00ab proc\u00e9dures de nettoyage \u00bb.<\/p>\n\n\n\n<p>Le nettoyage et la d\u00e9sinfection \u00e9ventuelle se feront \u00e0 l\u2019aide des produits et ustensiles pr\u00e9sents dans le local.<\/p>\n\n\n\n<p>La salle sera d\u00e9barrass\u00e9e de tout r\u00e9cipient contenant miel, cire ou d\u00e9chets issus ou occasionn\u00e9s par l&rsquo;extraction. Pr\u00e9voir \u00e9ventuellement des sacs poubelle.<\/p>\n\n\n\n<p><strong>Apr\u00e8s nettoyage, les locaux doivent \u00eatre pr\u00eats \u00e0 accueillir une nouvelle extraction.<\/strong><\/p>\n\n\n\n<p>Environnement proche de la miellerie<\/p>\n\n\n\n<p>Il est interdit de causer des nuisances ext\u00e9rieures. L\u2019apiculteur veillera donc \u00e0 la propret\u00e9 des ext\u00e9rieurs, \u00e0 ne pas laisser de r\u00e9sidus de miel sur le sol pouvant attirer les abeilles, \u00e0 ne pas laisser les portes de son v\u00e9hicule ouvertes (pr\u00e9sence probable de gouttes de miel), etc.<\/p>\n\n\n\n<p>\u00c9vacuation des d\u00e9chets<\/p>\n\n\n\n<p>Les d\u00e9chets seront \u00e9vacu\u00e9s par l\u2019apiculteur. Ils ne seront pas laiss\u00e9s dans l\u2019enceinte du lyc\u00e9e.<\/p>\n\n\n\n<h3 class=\"wp-block-heading\"><strong><em>\u00c9TAT DES LIEUX \u2013 INVENTAIRE &#8211; CAUTION<\/em><\/strong><\/h3>\n\n\n\n<p>Lors de la remise des cl\u00e9s \u00e0 l&rsquo;arriv\u00e9e de l&rsquo;apiculteur, il sera fait&nbsp;:<\/p>\n\n\n\n<ul class=\"wp-block-list\">\n<li>un \u00e9tat des lieux contradictoire avec le responsable de la miellerie.<\/li>\n\n\n\n<li>Il sera not\u00e9 toute anomalie apparente sur le mat\u00e9riel ou absence d&rsquo;outils.(prise de photos \u00e9ventuelles)<\/li>\n\n\n\n<li>L&rsquo;apiculteur remettra au responsable un <strong>ch\u00e8que de caution de 1500 \u20ac \u00e0 valoir sur le mat\u00e9riel et sur le nettoyage<\/strong><\/li>\n<\/ul>\n\n\n\n<p>En fin d&rsquo;extraction, une fois le local vide et nettoy\u00e9, il sera fait&nbsp;:<\/p>\n\n\n\n<ul class=\"wp-block-list\">\n<li>un \u00e9tat des lieux contradictoire avec le responsable de la miellerie.<\/li>\n\n\n\n<li>S\u2019il est constat\u00e9 du mat\u00e9riel d\u00e9t\u00e9rior\u00e9 ou manquant, (prise de photos \u00e9ventuelles)<\/li>\n<\/ul>\n\n\n\n<ul class=\"wp-block-list\">\n<li>Le ch\u00e8que de caution sera encaiss\u00e9 et servira au r\u00e8glement des r\u00e9parations ou frais occasionn\u00e9s. La diff\u00e9rence sera restitu\u00e9e \u00e0 l\u2019apiculteur.<\/li>\n\n\n\n<li>Si aucun d\u00e9g\u00e2t n\u2019est constat\u00e9, le ch\u00e8que de caution sera rendu.<\/li>\n\n\n\n<li>Les cl\u00e9s seront rendues au responsable.<\/li>\n<\/ul>\n\n\n\n<h3 class=\"wp-block-heading\"><strong><em>DIVERS<\/em><\/strong><\/h3>\n\n\n\n<h3 class=\"wp-block-heading\"><strong>CONTR\u00d4LES SANITAIRES<\/strong><\/h3>\n\n\n\n<p>Le miel extrait est propri\u00e9t\u00e9 enti\u00e8re de l&rsquo;apiculteur. En cas de contr\u00f4le sanitaire individuel sur le miel, le syndicat Abeille H\u00e9raultaise d\u00e9cline toute responsabilit\u00e9 vis-\u00e0-vis de la qualit\u00e9 du miel en cause.<\/p>\n\n\n\n<p>Le responsable se r\u00e9serve le droit de refuser un lot de hausses pr\u00e9sentant des signes ou des suspicions de probl\u00e8mes sanitaires.<\/p>\n\n\n\n<h3 class=\"wp-block-heading\"><strong>CLAUSES D\u2019ANNULATION &#8211; SANCTIONS<\/strong><\/h3>\n\n\n\n<p>Le syndicat Abeille H\u00e9raultaise se r\u00e9serve le droit d\u2019intervenir \u00e0 tout moment, pour contr\u00f4ler si l\u2019utilisateur respecte bien les r\u00e8gles d\u2019hygi\u00e8ne, de propret\u00e9 et d\u2019utilisation correcte du mat\u00e9riel. En cas de non-respect du pr\u00e9sent r\u00e8glement, les responsables de la miellerie pourront envisager d\u2019en exclure l\u2019apiculteur responsable.<\/p>\n\n\n\n<h3 class=\"wp-block-heading\"><strong>INTERDICTIONS<\/strong><\/h3>\n\n\n\n<ul class=\"wp-block-list\">\n<li>Aucune restauration ne doit avoir lieu dans l\u2019enceinte de la miellerie.&nbsp;<\/li>\n\n\n\n<li>Il est strictement interdit de fumer dans tous les locaux de la miellerie.<\/li>\n\n\n\n<li>La pr\u00e9sence d\u2019animaux de compagnie est interdite..<\/li>\n\n\n\n<li>Les feux ou grillades ne sont pas autoris\u00e9s dans l\u2019enceinte du lyc\u00e9e.<\/li>\n<\/ul>\n\n\n\n<figure class=\"wp-block-image size-large is-resized\"><img loading=\"lazy\" decoding=\"async\" width=\"1024\" height=\"768\" src=\"https:\/\/abeille34.org\/wp-content\/uploads\/2024\/04\/IMG_1413-1024x768.jpeg\" alt=\"\" class=\"wp-image-2088\" style=\"width:512px;height:auto\" srcset=\"https:\/\/abeille34.org\/wp-content\/uploads\/2024\/04\/IMG_1413-1024x768.jpeg 1024w, https:\/\/abeille34.org\/wp-content\/uploads\/2024\/04\/IMG_1413-600x450.jpeg 600w, https:\/\/abeille34.org\/wp-content\/uploads\/2024\/04\/IMG_1413-300x225.jpeg 300w, https:\/\/abeille34.org\/wp-content\/uploads\/2024\/04\/IMG_1413-768x576.jpeg 768w, https:\/\/abeille34.org\/wp-content\/uploads\/2024\/04\/IMG_1413-1536x1152.jpeg 1536w, https:\/\/abeille34.org\/wp-content\/uploads\/2024\/04\/IMG_1413-1320x990.jpeg 1320w, https:\/\/abeille34.org\/wp-content\/uploads\/2024\/04\/IMG_1413.jpeg 2048w\" sizes=\"auto, (max-width: 1024px) 100vw, 1024px\" \/><\/figure>\n","protected":false},"excerpt":{"rendered":"<p>RESERVATION: Lien:\u00a0 \u00a0Cliquer ci dessous R\u00e9server la miellerie\u00a0 REGLEMENT INTERIEUR A prendre connaissance avant r\u00e9servation Le syndicat apicole l&rsquo;Abeille H\u00e9raultaise met \u00e0 la disposition de ses adh\u00e9rents des locaux situ\u00e9s \u00e0 Gignac dans l&rsquo;enceinte du Lyc\u00e9e Agricole. Les locaux abritent <a class=\"more-link\" href=\"https:\/\/abeille34.org\/index.php\/miellerie-collective\/\">Continuer la lecture <span class=\"screen-reader-text\">  R\u00e9servation \/ R\u00e8glement int\u00e9rieur<\/span><span class=\"meta-nav\">&rarr;<\/span><\/a><\/p>\n","protected":false},"author":4,"featured_media":0,"parent":0,"menu_order":0,"comment_status":"closed","ping_status":"closed","template":"","meta":{"_acf_changed":false,"footnotes":""},"class_list":["post-2067","page","type-page","status-publish","hentry"],"acf":[],"_links":{"self":[{"href":"https:\/\/abeille34.org\/index.php\/wp-json\/wp\/v2\/pages\/2067","targetHints":{"allow":["GET"]}}],"collection":[{"href":"https:\/\/abeille34.org\/index.php\/wp-json\/wp\/v2\/pages"}],"about":[{"href":"https:\/\/abeille34.org\/index.php\/wp-json\/wp\/v2\/types\/page"}],"author":[{"embeddable":true,"href":"https:\/\/abeille34.org\/index.php\/wp-json\/wp\/v2\/users\/4"}],"replies":[{"embeddable":true,"href":"https:\/\/abeille34.org\/index.php\/wp-json\/wp\/v2\/comments?post=2067"}],"version-history":[{"count":19,"href":"https:\/\/abeille34.org\/index.php\/wp-json\/wp\/v2\/pages\/2067\/revisions"}],"predecessor-version":[{"id":2602,"href":"https:\/\/abeille34.org\/index.php\/wp-json\/wp\/v2\/pages\/2067\/revisions\/2602"}],"wp:attachment":[{"href":"https:\/\/abeille34.org\/index.php\/wp-json\/wp\/v2\/media?parent=2067"}],"curies":[{"name":"wp","href":"https:\/\/api.w.org\/{rel}","templated":true}]}}