{"id":2119,"date":"2024-06-15T21:41:51","date_gmt":"2024-06-15T19:41:51","guid":{"rendered":"https:\/\/abeille34.org\/index.php\/mon-compte\/"},"modified":"2025-02-24T13:31:08","modified_gmt":"2025-02-24T12:31:08","slug":"mon-compte","status":"publish","type":"page","link":"https:\/\/abeille34.org\/index.php\/mon-compte\/","title":{"rendered":"Membres"},"content":{"rendered":"<h2>Bienvenue dans votre espace personnel<\/h2>\t\t\t\t\n\t\t\t\t<a href=\"https:\/\/abeille34.org\/index.php\/adhesion\/edit-account\" target=\"_blank\" tabindex=\"-1\" aria-label=\"mes informations\">\n\t\t\t\t<svg aria-hidden=\"true\" viewBox=\"0 0 192 512\" xmlns=\"http:\/\/www.w3.org\/2000\/svg\"><path d=\"M20 424.229h20V279.771H20c-11.046 0-20-8.954-20-20V212c0-11.046 8.954-20 20-20h112c11.046 0 20 8.954 20 20v212.229h20c11.046 0 20 8.954 20 20V492c0 11.046-8.954 20-20 20H20c-11.046 0-20-8.954-20-20v-47.771c0-11.046 8.954-20 20-20zM96 0C56.235 0 24 32.235 24 72s32.235 72 72 72 72-32.235 72-72S135.764 0 96 0z\"><\/path><\/svg>\t\t\t\t<\/a>\n\t\t\t\t\t\t\t\t\t<h3>\n\t\t\t\t\t\t<a href=\"https:\/\/abeille34.org\/index.php\/adhesion\/edit-account\" target=\"_blank\" >\n\t\t\t\t\t\t\tmes informations\t\t\t\t\t\t<\/a>\n\t\t\t\t\t<\/h3>\n\t\t\t\t<a href=\"https:\/\/abeille34.org\/index.php\/adhesion\/orders\" tabindex=\"-1\" aria-label=\"mes adh\u00e9sions\">\n\t\t\t\t<svg aria-hidden=\"true\" viewBox=\"0 0 384 512\" xmlns=\"http:\/\/www.w3.org\/2000\/svg\"><path d=\"M336 64h-80c0-35.3-28.7-64-64-64s-64 28.7-64 64H48C21.5 64 0 85.5 0 112v352c0 26.5 21.5 48 48 48h288c26.5 0 48-21.5 48-48V112c0-26.5-21.5-48-48-48zM192 40c13.3 0 24 10.7 24 24s-10.7 24-24 24-24-10.7-24-24 10.7-24 24-24zm144 418c0 3.3-2.7 6-6 6H54c-3.3 0-6-2.7-6-6V118c0-3.3 2.7-6 6-6h42v36c0 6.6 5.4 12 12 12h168c6.6 0 12-5.4 12-12v-36h42c3.3 0 6 2.7 6 6z\"><\/path><\/svg>\t\t\t\t<\/a>\n\t\t\t\t\t\t\t\t\t<h3>\n\t\t\t\t\t\t<a href=\"https:\/\/abeille34.org\/index.php\/adhesion\/orders\" >\n\t\t\t\t\t\t\tmes adh\u00e9sions\t\t\t\t\t\t<\/a>\n\t\t\t\t\t<\/h3>\n\t\t\t\t<a href=\"https:\/\/abeille34.org\/index.php\/adhesion\/downloads\" tabindex=\"-1\" aria-label=\"mes documents\">\n\t\t\t\t<svg aria-hidden=\"true\" viewBox=\"0 0 576 512\" xmlns=\"http:\/\/www.w3.org\/2000\/svg\"><path d=\"M527.9 224H480v-48c0-26.5-21.5-48-48-48H272l-64-64H48C21.5 64 0 85.5 0 112v288c0 26.5 21.5 48 48 48h400c16.5 0 31.9-8.5 40.7-22.6l79.9-128c20-31.9-3-73.4-40.7-73.4zM48 118c0-3.3 2.7-6 6-6h134.1l64 64H426c3.3 0 6 2.7 6 6v42H152c-16.8 0-32.4 8.8-41.1 23.2L48 351.4zm400 282H72l77.2-128H528z\"><\/path><\/svg>\t\t\t\t<\/a>\n\t\t\t\t\t\t\t\t\t<h3>\n\t\t\t\t\t\t<a href=\"https:\/\/abeille34.org\/index.php\/adhesion\/downloads\" >\n\t\t\t\t\t\t\tmes documents\t\t\t\t\t\t<\/a>\n\t\t\t\t\t<\/h3>\n\t\t\t\t<a href=\"https:\/\/abeille34.org\/index.php\/mon-compte\/customer-logout\" tabindex=\"-1\" aria-label=\"Quitter\">\n\t\t\t\t<svg aria-hidden=\"true\" viewBox=\"0 0 512 512\" xmlns=\"http:\/\/www.w3.org\/2000\/svg\"><path d=\"M497 273L329 441c-15 15-41 4.5-41-17v-96H152c-13.3 0-24-10.7-24-24v-96c0-13.3 10.7-24 24-24h136V88c0-21.4 25.9-32 41-17l168 168c9.3 9.4 9.3 24.6 0 34zM192 436v-40c0-6.6-5.4-12-12-12H96c-17.7 0-32-14.3-32-32V160c0-17.7 14.3-32 32-32h84c6.6 0 12-5.4 12-12V76c0-6.6-5.4-12-12-12H96c-53 0-96 43-96 96v192c0 53 43 96 96 96h84c6.6 0 12-5.4 12-12z\"><\/path><\/svg>\t\t\t\t<\/a>\n\t\t\t\t\t\t\t\t\t<h3>\n\t\t\t\t\t\t<a href=\"https:\/\/abeille34.org\/index.php\/mon-compte\/customer-logout\" >\n\t\t\t\t\t\t\tQuitter\t\t\t\t\t\t<\/a>\n\t\t\t\t\t<\/h3>\n\t\t\n<p>\u00a0<\/p>\n<div class=\"woocommerce\"><\/div>\n\n<p>\u00a0<\/p>\n\n<p>\u00a0<\/p>\n\n<p>\u00a0<\/p>\n\n<p>\u00a0<\/p>\n\n<p>\u00a0<\/p>\n\n<p>\u00a0<\/p>\n<p>Nous vous proposons de vous enregistrer afin de facilit\u00e9 votre inscription.<\/p>\n<p><!-- \/wp:paragraph --><!-- wp:paragraph --><\/p>\n<p>Votre fiche sera remplie avec les \u00e9l\u00e9ment que vous d\u00e9clarez. Attention de v\u00e9rifier le nombre de ruche enregistr\u00e9 tout les ans afin qu&rsquo;il corresponde \u00e0 votre d\u00e9claration de ruche.<\/p>\n<p><!-- \/wp:paragraph --><!-- wp:paragraph --><\/p>\n<p><strong>Modifier profil de compte<\/strong><\/p>\n<p><!-- \/wp:paragraph --><!-- wp:paragraph --><\/p>\n<p>A partir de votre compte membre, vous pourrez imprimer votre cotisation pour l&rsquo;envoyer par voie postale avec votre r\u00e8glement par ch\u00e8que. A renvoyer \u00e0 Michel Coutouzis , 42 rue des Anciens Combattants, 34370 Maraussan.<\/p>\n<p><!-- \/wp:paragraph --><!-- wp:paragraph --><\/p>\n<p><strong>Export Pdf suite suivant information de compte.<\/strong><\/p>\n<p><!-- \/wp:paragraph --><!-- wp:paragraph --><\/p>\n<p>un paiement en ligne de votre cotisation.<\/p>\n<p><!-- \/wp:paragraph --><!-- wp:paragraph --><\/p>\n<p><strong>Externe sans frais ou interne avec frais<\/strong> hello asso stripe<\/p>\n<p><!-- \/wp:paragraph --><!-- wp:paragraph --><\/p>\n<p>Vous serez du m\u00eame coup cotisant de l&rsquo;unaf.<\/p>\n<p><!-- \/wp:paragraph --><!-- wp:paragraph --><\/p>\n<p>Vous recevrez gratuitement la revus Abeille et fleur.<\/p>\n<p><!-- \/wp:paragraph --><!-- wp:paragraph --><\/p>\n<p>Acc\u00e9der \u00e0 la parution de vos coordonnes en tant que cueilleur d&rsquo;essaim dans l\u2019H\u00e9rault.<\/p>\n<p><!-- \/wp:paragraph --><!-- wp:paragraph --><\/p>\n<p><strong>module d&rsquo;enregistrement des information de profils sur listing commun<\/strong>, carte geolocalisation des membres inscris<\/p>\n<p><!-- \/wp:paragraph --><!-- wp:paragraph --><\/p>\n<p>enregistrement sur excel et <strong>Export Pdf suite suivant information de compte.<\/strong> upload public<\/p>\n<p><!-- \/wp:paragraph --><!-- wp:paragraph --><\/p>\n<p>Acc\u00e9der a la Miellerie Collective de notre association et planification de votre acc\u00e8s<\/p>\n<p><!-- \/wp:paragraph --><!-- wp:paragraph --><\/p>\n<p><strong>simplybookit<\/strong><\/p>\n<p><!-- \/wp:paragraph --><!-- wp:paragraph --><\/p>\n<p>\u00a0<\/p>\n<p><!-- \/wp:paragraph --><!-- wp:paragraph --><\/p>\n<p>Acc\u00e9der a la liste des achat group\u00e9s aupr\u00e8s de nos n\u00e9goces locaux.<\/p>\n<p><!-- \/wp:paragraph --><!-- wp:paragraph --><\/p>\n<p><strong>possibilite de enregistrement des souhaits, participations au offres . partage excel ?<\/strong><\/p>\n<p><!-- \/wp:paragraph --><!-- wp:paragraph --><\/p>\n<p>entraide transhumance<\/p>\n<p><!-- \/wp:paragraph --><!-- wp:paragraph --><\/p>\n<p>Le r\u00e8glement en ligne de votre assurance. Vous serez redirig\u00e9 pour payer votre cotisation d&rsquo;assurance ind\u00e9pendamment.<\/p>\n<p><!-- \/wp:paragraph --><!-- wp:paragraph --><\/p>\n<p><strong>Lien module paiement UNAF<\/strong><\/p>\n<p><!-- \/wp:paragraph --><!-- wp:paragraph --><\/p>\n<p>Le formulaire papier reste disponible. ch\u00e8que \u00e0 l&rsquo;ordre de \u00ab\u00a0Groupama\u00a0\u00bb.<\/p>\n<p><!-- \/wp:paragraph --><!-- wp:paragraph --><\/p>\n<p>A renvoyer \u00e0 Michel Coutouzis , 42 rue des Anciens Combattants, 34370 Maraussan.<\/p>\n<p><!-- \/wp:paragraph --><!-- wp:paragraph --><\/p>\n<p>.module visite de ruche, plan de recolte, gestion sanitaire<\/p>\n<p><!-- \/wp:paragraph --><!-- wp:paragraph --><\/p>\n<p>\u00a0<\/p>","protected":false},"excerpt":{"rendered":"<p>Bienvenue dans votre espace personnel mes informations mes adh\u00e9sions mes documents Quitter \u00a0 \u00a0 \u00a0 \u00a0 \u00a0 \u00a0 \u00a0 Nous vous proposons de vous enregistrer afin de facilit\u00e9 votre inscription. Votre fiche sera remplie avec les \u00e9l\u00e9ment que vous d\u00e9clarez. <a class=\"more-link\" href=\"https:\/\/abeille34.org\/index.php\/mon-compte\/\">Continuer la lecture <span class=\"screen-reader-text\">  Membres<\/span><span class=\"meta-nav\">&rarr;<\/span><\/a><\/p>\n","protected":false},"author":3,"featured_media":0,"parent":0,"menu_order":0,"comment_status":"closed","ping_status":"closed","template":"","meta":{"_acf_changed":false,"footnotes":""},"class_list":["post-2119","page","type-page","status-publish","hentry"],"acf":[],"_links":{"self":[{"href":"https:\/\/abeille34.org\/index.php\/wp-json\/wp\/v2\/pages\/2119","targetHints":{"allow":["GET"]}}],"collection":[{"href":"https:\/\/abeille34.org\/index.php\/wp-json\/wp\/v2\/pages"}],"about":[{"href":"https:\/\/abeille34.org\/index.php\/wp-json\/wp\/v2\/types\/page"}],"author":[{"embeddable":true,"href":"https:\/\/abeille34.org\/index.php\/wp-json\/wp\/v2\/users\/3"}],"replies":[{"embeddable":true,"href":"https:\/\/abeille34.org\/index.php\/wp-json\/wp\/v2\/comments?post=2119"}],"version-history":[{"count":23,"href":"https:\/\/abeille34.org\/index.php\/wp-json\/wp\/v2\/pages\/2119\/revisions"}],"predecessor-version":[{"id":2328,"href":"https:\/\/abeille34.org\/index.php\/wp-json\/wp\/v2\/pages\/2119\/revisions\/2328"}],"wp:attachment":[{"href":"https:\/\/abeille34.org\/index.php\/wp-json\/wp\/v2\/media?parent=2119"}],"curies":[{"name":"wp","href":"https:\/\/api.w.org\/{rel}","templated":true}]}}