{"id":2538,"date":"2025-03-11T22:58:02","date_gmt":"2025-03-11T21:58:02","guid":{"rendered":"https:\/\/abeille34.org\/?page_id=2538"},"modified":"2025-03-11T22:58:03","modified_gmt":"2025-03-11T21:58:03","slug":"implantation-de-ruches-distances-a-respecter","status":"publish","type":"page","link":"https:\/\/abeille34.org\/index.php\/implantation-de-ruches-distances-a-respecter\/","title":{"rendered":"Implantation de ruches &#8211; Distances \u00e0 respecter"},"content":{"rendered":"\n<figure class=\"wp-block-image size-full\"><img loading=\"lazy\" decoding=\"async\" width=\"800\" height=\"450\" src=\"https:\/\/abeille34.org\/wp-content\/uploads\/2025\/03\/image-4.png\" alt=\"\" class=\"wp-image-2548\" srcset=\"https:\/\/abeille34.org\/wp-content\/uploads\/2025\/03\/image-4.png 800w, https:\/\/abeille34.org\/wp-content\/uploads\/2025\/03\/image-4-300x169.png 300w, https:\/\/abeille34.org\/wp-content\/uploads\/2025\/03\/image-4-768x432.png 768w, https:\/\/abeille34.org\/wp-content\/uploads\/2025\/03\/image-4-600x338.png 600w\" sizes=\"auto, (max-width: 800px) 100vw, 800px\" \/><\/figure>\n\n\n\n<p>Distances \u00e0 respecter entre les ruches et les propri\u00e9t\u00e9s voisines et les voies publiques dans le d\u00e9partement de l&rsquo;H\u00e9rault<\/p>\n\n\n\n<p>L&rsquo;abeille n&rsquo;est pas agressive par nature. N\u00e9anmoins, le contact entre celle-ci et le pi\u00e9ton inexp\u00e9riment\u00e9 doit \u00eatre \u00e9vit\u00e9. Des distances minimales adapt\u00e9es aux diff\u00e9rentes situations sont donc \u00e0 respecter.<\/p>\n\n\n\n<figure class=\"wp-block-table\"><table class=\"has-fixed-layout\"><tbody><tr><td rowspan=\"2\"><strong><mark style=\"background-color:#f7df73\" class=\"has-inline-color\">Ruchers\u00a0<\/mark><\/strong><\/td><td colspan=\"3\"><strong><mark style=\"background-color:#f7df73\" class=\"has-inline-color\">Ruchers situ\u00e9s sur le m\u00eame plan<\/mark><\/strong><\/td><td colspan=\"3\"><strong><mark style=\"background-color:#f7df73\" class=\"has-inline-color\">Ruchers situ\u00e9s en contrebas<\/mark><\/strong><\/td><\/tr><tr><td>Propri\u00e9t\u00e9s voisines<\/td><td>Voies publiques (4)<\/td><td>H ou E.C. (1)<\/td><td>Propri\u00e9t\u00e9s voisines<\/td><td>Voies publiques (4)<\/td><td>H ou E.C. (1)<\/td><\/tr><tr><td><mark style=\"background-color:#f7df73\" class=\"has-inline-color\">10 ruches maximum<\/mark><\/td><td>30 m\u00e8tres<\/td><td>30 m\u00e8tres<\/td><td>100 m\u00e8tres<\/td><td>30 m\u00e8tres<\/td><td>50 m\u00e8tres<\/td><td>100 m\u00e8tres<\/td><\/tr><tr><td><mark style=\"background-color:#f7df73\" class=\"has-inline-color\">plus de 10 ruches<\/mark><\/td><td>30 m\u00e8tres<\/td><td>30 m\u00e8tres<\/td><td>100 m\u00e8tres<\/td><td>50 m\u00e8tres<\/td><td>50 m\u00e8tres<\/td><td>100 m\u00e8tres<\/td><\/tr><\/tbody><\/table><\/figure>\n\n\n\n<figure class=\"wp-block-table\"><table class=\"has-fixed-layout\"><tbody><tr><td><mark style=\"background-color:#f7df73\" class=\"has-inline-color\">Ruchers<\/mark><\/td><td>Ruchers situ\u00e9s 2 m\u00e8tres au minimum au-dessus des propri\u00e9t\u00e9s voisines, voies publiques et H ou E.C. (1)<\/td><td>Ruchers isol\u00e9s des propri\u00e9t\u00e9s voisines voies publiques et H ou E.C.(1) par un mur, une palissade, une haie vive ou s\u00e8che (2) de 2 m ou plus. (3)<\/td><\/tr><tr><td><mark style=\"background-color:#f7df73\" class=\"has-inline-color\">10 ruches maximum<\/mark><\/td><td>aucune limitation<\/td><td>aucune limitation<\/td><\/tr><tr><td><mark style=\"background-color:#f7df73\" class=\"has-inline-color\">plus de 10 ruches<\/mark><\/td><td>aucune limitation<\/td><td>aucune limitation<\/td><\/tr><\/tbody><\/table><\/figure>\n\n\n\n<p><mark style=\"background-color:rgba(0, 0, 0, 0);color:#f24c4c\" class=\"has-inline-color\">1<\/mark>&#8211; abr\u00e9viation H ou E.C.: Habitations ou \u00c9tablissements \u00e0 caract\u00e8re Collectif ( h\u00f4pitaux, casernes, \u00e9coles&#8230;) Distance mesur\u00e9e jusqu&rsquo;au b\u00e2timent (mur le plus proche)<\/p>\n\n\n\n<p>\u00a0<mark style=\"background-color:rgba(0, 0, 0, 0);color:#f24c4c\" class=\"has-inline-color\"> 2-<\/mark> Haie vive ou s\u00e8che continue<\/p>\n\n\n\n<p>\u00a0<mark style=\"background-color:rgba(0, 0, 0, 0);color:#f24c4c\" class=\"has-inline-color\"> 3-<\/mark> 2 m\u00e8tres: hauteur minimale des cl\u00f4tures au <strong>dessus<\/strong> du sol et \u00e9tendue minimale de cl\u00f4ture de <strong>chaque cot\u00e9<\/strong> de la ruche. la cl\u00f4ture contraint l&rsquo;abeille \u00e0 prendre de l&rsquo;altitude.<\/p>\n\n\n\n<p><mark style=\"background-color:rgba(0, 0, 0, 0);color:#f24c4c\" class=\"has-inline-color\">\u00a0 4-<\/mark> voies publiques y compris les chemins de terre, de randonn\u00e9e, etc.<\/p>\n\n\n\n<p><\/p>\n","protected":false},"excerpt":{"rendered":"<p>Distances \u00e0 respecter entre les ruches et les propri\u00e9t\u00e9s voisines et les voies publiques dans le d\u00e9partement de l&rsquo;H\u00e9rault L&rsquo;abeille n&rsquo;est pas agressive par nature. N\u00e9anmoins, le contact entre celle-ci et le pi\u00e9ton inexp\u00e9riment\u00e9 doit \u00eatre \u00e9vit\u00e9. Des distances minimales <a class=\"more-link\" href=\"https:\/\/abeille34.org\/index.php\/implantation-de-ruches-distances-a-respecter\/\">Continuer la lecture <span class=\"screen-reader-text\">  Implantation de ruches &#8211; Distances \u00e0 respecter<\/span><span class=\"meta-nav\">&rarr;<\/span><\/a><\/p>\n","protected":false},"author":4,"featured_media":0,"parent":0,"menu_order":0,"comment_status":"closed","ping_status":"closed","template":"","meta":{"_acf_changed":false,"footnotes":""},"class_list":["post-2538","page","type-page","status-publish","hentry"],"acf":[],"_links":{"self":[{"href":"https:\/\/abeille34.org\/index.php\/wp-json\/wp\/v2\/pages\/2538","targetHints":{"allow":["GET"]}}],"collection":[{"href":"https:\/\/abeille34.org\/index.php\/wp-json\/wp\/v2\/pages"}],"about":[{"href":"https:\/\/abeille34.org\/index.php\/wp-json\/wp\/v2\/types\/page"}],"author":[{"embeddable":true,"href":"https:\/\/abeille34.org\/index.php\/wp-json\/wp\/v2\/users\/4"}],"replies":[{"embeddable":true,"href":"https:\/\/abeille34.org\/index.php\/wp-json\/wp\/v2\/comments?post=2538"}],"version-history":[{"count":7,"href":"https:\/\/abeille34.org\/index.php\/wp-json\/wp\/v2\/pages\/2538\/revisions"}],"predecessor-version":[{"id":2550,"href":"https:\/\/abeille34.org\/index.php\/wp-json\/wp\/v2\/pages\/2538\/revisions\/2550"}],"wp:attachment":[{"href":"https:\/\/abeille34.org\/index.php\/wp-json\/wp\/v2\/media?parent=2538"}],"curies":[{"name":"wp","href":"https:\/\/api.w.org\/{rel}","templated":true}]}}