{"id":2213,"date":"2025-02-15T15:25:21","date_gmt":"2025-02-15T14:25:21","guid":{"rendered":"https:\/\/abeille34.org\/?post_type=product&#038;p=2213"},"modified":"2025-02-19T17:15:06","modified_gmt":"2025-02-19T16:15:06","slug":"cotisations-assurances-groupama","status":"publish","type":"product","link":"https:\/\/abeille34.org\/index.php\/produit\/cotisations-assurances-groupama\/","title":{"rendered":"Groupama assurance"},"content":{"rendered":"<p class=\"sc-ff3d7efc-0 jQIUEs\"><strong>Pour b\u00e9n\u00e9ficier de garanties prot\u00e9geant les dommages \u00e0 vos ruches<\/strong>, Groupama vous offre la possibilit\u00e9 de souscrire\u00a0<strong>un contrat d&rsquo;assurance des activit\u00e9s apicoles,\u00a0<\/strong>con\u00e7u sp\u00e9cifiquement pour les apiculteurs.<\/p>\n<p class=\"sc-ff3d7efc-0 jQIUEs\">L&rsquo;offre est simple \u00e0 souscrire, avec <strong>une couverture dommages par ruche<\/strong>, incluant la couverture des risques suivants :<\/p>\n<p>Formule 1<\/p>\n<ul class=\"sc-5f2567b5-0 fZqTZM\">\n<li class=\"sc-78eae876-0 kpHZit\">Responsabilit\u00e9s civiles professionnelles avec promotion sur les march\u00e9s, les foires et les salons<\/li>\n<\/ul>\n<ul>\n<li class=\"sc-ff3d7efc-0 jQIUEs\">D\u00e9fense p\u00e9nal et recours<\/li>\n<\/ul>\n<p>Formule 2<\/p>\n<ul>\n<li>Formule 1<\/li>\n<\/ul>\n<ul class=\"sc-5f2567b5-0 fZqTZM\">\n<li class=\"sc-78eae876-0 kpHZit\">\n<p class=\"sc-ff3d7efc-0 jQIUEs\">Incendie, \u00e9v\u00e9nements naturels, catastrophes naturelles<\/p>\n<\/li>\n<li class=\"sc-78eae876-0 kpHZit\">\n<p class=\"sc-ff3d7efc-0 jQIUEs\">Vol et d\u00e9t\u00e9riorations<\/p>\n<\/li>\n<\/ul>\n<p>Formule 3<\/p>\n<ul>\n<li>Formule 2 incluant un remboursement sup\u00e9rieur.<\/li>\n<\/ul>\n<p>Faire correspondre la \u00ab\u00a0quantit\u00e9\u00a0\u00bb d&rsquo;assurance avec votre nombre de colonies.<\/p>\n","protected":false},"excerpt":{"rendered":"<p>Pour b\u00e9n\u00e9ficier de garanties prot\u00e9geant les dommages \u00e0 vos ruches, Groupama vous offre la possibilit\u00e9 de souscrire\u00a0un contrat d&rsquo;assurance des activit\u00e9s apicoles,\u00a0con\u00e7u sp\u00e9cifiquement pour les apiculteurs. L&rsquo;offre est simple \u00e0 souscrire, avec une couverture dommages par ruche, incluant la couverture <a class=\"more-link\" href=\"https:\/\/abeille34.org\/index.php\/produit\/cotisations-assurances-groupama\/\">Continuer la lecture <span class=\"screen-reader-text\">  Groupama assurance<\/span><span class=\"meta-nav\">&rarr;<\/span><\/a><\/p>\n","protected":false},"featured_media":2350,"template":"","meta":{"_acf_changed":false},"product_brand":[],"product_cat":[26],"product_tag":[],"class_list":{"0":"post-2213","1":"product","2":"type-product","3":"status-publish","4":"has-post-thumbnail","6":"product_cat-cotisation-assurance","8":"first","9":"instock","10":"shipping-taxable","11":"purchasable","12":"product-type-variable"},"acf":[],"_links":{"self":[{"href":"https:\/\/abeille34.org\/index.php\/wp-json\/wp\/v2\/product\/2213","targetHints":{"allow":["GET"]}}],"collection":[{"href":"https:\/\/abeille34.org\/index.php\/wp-json\/wp\/v2\/product"}],"about":[{"href":"https:\/\/abeille34.org\/index.php\/wp-json\/wp\/v2\/types\/product"}],"wp:featuredmedia":[{"embeddable":true,"href":"https:\/\/abeille34.org\/index.php\/wp-json\/wp\/v2\/media\/2350"}],"wp:attachment":[{"href":"https:\/\/abeille34.org\/index.php\/wp-json\/wp\/v2\/media?parent=2213"}],"wp:term":[{"taxonomy":"product_brand","embeddable":true,"href":"https:\/\/abeille34.org\/index.php\/wp-json\/wp\/v2\/product_brand?post=2213"},{"taxonomy":"product_cat","embeddable":true,"href":"https:\/\/abeille34.org\/index.php\/wp-json\/wp\/v2\/product_cat?post=2213"},{"taxonomy":"product_tag","embeddable":true,"href":"https:\/\/abeille34.org\/index.php\/wp-json\/wp\/v2\/product_tag?post=2213"}],"curies":[{"name":"wp","href":"https:\/\/api.w.org\/{rel}","templated":true}]}}